{"id":42,"date":"2020-02-28T20:14:24","date_gmt":"2020-02-28T20:14:24","guid":{"rendered":"https:\/\/ditec.com.ar\/v3\/?page_id=42"},"modified":"2020-03-25T15:57:04","modified_gmt":"2020-03-25T15:57:04","slug":"sobre-nosotros","status":"publish","type":"page","link":"https:\/\/ditec.com.ar\/v3\/sobre-nosotros\/","title":{"rendered":"Sobre nosotros"},"content":{"rendered":"\t\t<div data-elementor-type=\"wp-page\" data-elementor-id=\"42\" class=\"elementor elementor-42\">\n\t\t\t\t\t\t<section class=\"elementor-section elementor-top-section elementor-element elementor-element-18c180f elementor-section-boxed elementor-section-height-default elementor-section-height-default\" data-id=\"18c180f\" data-element_type=\"section\" data-e-type=\"section\" data-settings=\"{&quot;background_background&quot;:&quot;classic&quot;}\">\n\t\t\t\t\t\t<div class=\"elementor-container elementor-column-gap-default\">\n\t\t\t\t\t<div class=\"elementor-column elementor-col-100 elementor-top-column elementor-element elementor-element-e41011a\" data-id=\"e41011a\" data-element_type=\"column\" data-e-type=\"column\">\n\t\t\t<div class=\"elementor-widget-wrap elementor-element-populated\">\n\t\t\t\t\t\t<div class=\"elementor-element elementor-element-c274a27 elementor-widget-divider--view-line elementor-widget elementor-widget-divider\" data-id=\"c274a27\" data-element_type=\"widget\" data-e-type=\"widget\" data-widget_type=\"divider.default\">\n\t\t\t\t<div class=\"elementor-widget-container\">\n\t\t\t\t\t\t\t<div class=\"elementor-divider\">\n\t\t\t<span class=\"elementor-divider-separator\">\n\t\t\t\t\t\t<\/span>\n\t\t<\/div>\n\t\t\t\t\t\t<\/div>\n\t\t\t\t<\/div>\n\t\t\t\t<div class=\"elementor-element elementor-element-8c72155 elementor-widget elementor-widget-heading\" data-id=\"8c72155\" data-element_type=\"widget\" data-e-type=\"widget\" data-widget_type=\"heading.default\">\n\t\t\t\t<div class=\"elementor-widget-container\">\n\t\t\t\t\t<h1 class=\"elementor-heading-title elementor-size-default\">Sobre<br>nosotros<\/h1>\t\t\t\t<\/div>\n\t\t\t\t<\/div>\n\t\t\t\t<section class=\"elementor-section elementor-inner-section elementor-element elementor-element-1f69897 elementor-section-boxed elementor-section-height-default elementor-section-height-default\" data-id=\"1f69897\" data-element_type=\"section\" data-e-type=\"section\">\n\t\t\t\t\t\t\t<div class=\"elementor-background-overlay\"><\/div>\n\t\t\t\t\t\t\t<div class=\"elementor-container elementor-column-gap-default\">\n\t\t\t\t\t<div class=\"elementor-column elementor-col-100 elementor-inner-column elementor-element elementor-element-4c440e1\" data-id=\"4c440e1\" data-element_type=\"column\" data-e-type=\"column\">\n\t\t\t<div class=\"elementor-widget-wrap elementor-element-populated\">\n\t\t\t\t\t\t<div class=\"elementor-element elementor-element-5da00fc elementor-widget elementor-widget-text-editor\" data-id=\"5da00fc\" data-element_type=\"widget\" data-e-type=\"widget\" data-widget_type=\"text-editor.default\">\n\t\t\t\t<div class=\"elementor-widget-container\">\n\t\t\t\t\t\t\t\t\t<p>En un inicio nos dedicamos a dar soluciones inform\u00e1ticas de gesti\u00f3n al \u00e1rea de salud.<br \/>M\u00e1s de una d\u00e9cada despu\u00e9s,\u00a0 nuestro trabajo continuo nos ha dado amplia experiencia en el desarrollo de software, sitios web, marketing digital y la comercializaci\u00f3n de equipos inform\u00e1ticos.<\/p><p>A lo largo de estos a\u00f1os cada una de nuestras principales \u00e1reas crecieron lo suficiente para convertirse en unidades de negocios m\u00e1s independientes.<\/p><p>En 2018 comenzamos a darle mayor entidad a este crecimiento al darle su propio nombre al \u00e1rea de dise\u00f1o y marketing digital. As\u00ed naci\u00f3 Bucar\u00e9.<\/p><p>En 2019 quisimos profundizar este cambio. Quer\u00edamos que la pregunta \u201c\u00bfQu\u00e9 hace Ditec?\u201d fuera m\u00e1s simple de responder.<\/p><p>Ditec hace muchas cosas, y en cada una de esas cosas trabajan profesionales dedicados a su \u00e1rea. Sin embargo, mucho de este trabajo quedaba invisibilizado al hacer todo bajo un mismo nombre. Entonces seguimos el mismo principio que aplicamos con Bucar\u00e9: darle una identidad propia a el \u00e1rea de desarrollo de software y el \u00e1rea de venta de equipamiento inform\u00e1tico. As\u00ed nacieron Devias y Dishop.<\/p><p>Desde ahora Ditec es la casa de tres marcas. Te invitamos a conocerlas.<\/p>\t\t\t\t\t\t\t\t<\/div>\n\t\t\t\t<\/div>\n\t\t\t\t\t<\/div>\n\t\t<\/div>\n\t\t\t\t\t<\/div>\n\t\t<\/section>\n\t\t\t\t\t<\/div>\n\t\t<\/div>\n\t\t\t\t\t<\/div>\n\t\t<\/section>\n\t\t\t\t<section class=\"elementor-section elementor-top-section elementor-element elementor-element-3572ffb elementor-section-boxed elementor-section-height-default elementor-section-height-default\" data-id=\"3572ffb\" data-element_type=\"section\" data-e-type=\"section\" data-settings=\"{&quot;background_background&quot;:&quot;classic&quot;}\">\n\t\t\t\t\t\t<div class=\"elementor-container elementor-column-gap-default\">\n\t\t\t\t\t<div class=\"elementor-column elementor-col-100 elementor-top-column elementor-element elementor-element-d4edcec\" data-id=\"d4edcec\" data-element_type=\"column\" data-e-type=\"column\">\n\t\t\t<div class=\"elementor-widget-wrap elementor-element-populated\">\n\t\t\t\t\t\t<section class=\"elementor-section elementor-inner-section elementor-element elementor-element-7984ab2 elementor-section-full_width elementor-section-height-default elementor-section-height-default\" data-id=\"7984ab2\" data-element_type=\"section\" data-e-type=\"section\">\n\t\t\t\t\t\t\t<div class=\"elementor-background-overlay\"><\/div>\n\t\t\t\t\t\t\t<div class=\"elementor-container elementor-column-gap-default\">\n\t\t\t\t\t<div class=\"elementor-column elementor-col-33 elementor-inner-column elementor-element elementor-element-92a7efd\" data-id=\"92a7efd\" data-element_type=\"column\" data-e-type=\"column\">\n\t\t\t<div class=\"elementor-widget-wrap elementor-element-populated\">\n\t\t\t\t\t\t<div class=\"elementor-element elementor-element-c887502 elementor-widget elementor-widget-image\" data-id=\"c887502\" data-element_type=\"widget\" data-e-type=\"widget\" data-widget_type=\"image.default\">\n\t\t\t\t<div class=\"elementor-widget-container\">\n\t\t\t\t\t\t\t\t\t\t\t\t<figure class=\"wp-caption\">\n\t\t\t\t\t\t\t\t\t\t\t<a href=\"https:\/\/devias.com.ar\" target=\"_blank\">\n\t\t\t\t\t\t\t<img decoding=\"async\" width=\"250\" height=\"66\" src=\"https:\/\/ditec.com.ar\/v3\/wp-content\/uploads\/2020\/02\/devias-logo.png\" class=\"attachment-full size-full wp-image-35\" alt=\"\" \/>\t\t\t\t\t\t\t\t<\/a>\n\t\t\t\t\t\t\t\t\t\t\t<figcaption class=\"widget-image-caption wp-caption-text\">Desarrollo de software<\/figcaption>\n\t\t\t\t\t\t\t\t\t\t<\/figure>\n\t\t\t\t\t\t\t\t\t<\/div>\n\t\t\t\t<\/div>\n\t\t\t\t\t<\/div>\n\t\t<\/div>\n\t\t\t\t<div class=\"elementor-column elementor-col-33 elementor-inner-column elementor-element elementor-element-8acbec3\" data-id=\"8acbec3\" data-element_type=\"column\" data-e-type=\"column\">\n\t\t\t<div class=\"elementor-widget-wrap elementor-element-populated\">\n\t\t\t\t\t\t<div class=\"elementor-element elementor-element-99bff8c elementor-widget elementor-widget-image\" data-id=\"99bff8c\" data-element_type=\"widget\" data-e-type=\"widget\" data-widget_type=\"image.default\">\n\t\t\t\t<div class=\"elementor-widget-container\">\n\t\t\t\t\t\t\t\t\t\t\t\t<figure class=\"wp-caption\">\n\t\t\t\t\t\t\t\t\t\t\t<a href=\"https:\/\/bucare.com.ar\" target=\"_blank\">\n\t\t\t\t\t\t\t<img decoding=\"async\" width=\"250\" height=\"77\" src=\"https:\/\/ditec.com.ar\/v3\/wp-content\/uploads\/2020\/02\/bucare-logo.png\" class=\"attachment-full size-full wp-image-37\" alt=\"\" \/>\t\t\t\t\t\t\t\t<\/a>\n\t\t\t\t\t\t\t\t\t\t\t<figcaption class=\"widget-image-caption wp-caption-text\">Dise\u00f1o y Marketing digital<\/figcaption>\n\t\t\t\t\t\t\t\t\t\t<\/figure>\n\t\t\t\t\t\t\t\t\t<\/div>\n\t\t\t\t<\/div>\n\t\t\t\t\t<\/div>\n\t\t<\/div>\n\t\t\t\t<div class=\"elementor-column elementor-col-33 elementor-inner-column elementor-element elementor-element-ec5e149\" data-id=\"ec5e149\" data-element_type=\"column\" data-e-type=\"column\">\n\t\t\t<div class=\"elementor-widget-wrap elementor-element-populated\">\n\t\t\t\t\t\t<div class=\"elementor-element elementor-element-58979f1 elementor-widget elementor-widget-image\" data-id=\"58979f1\" data-element_type=\"widget\" data-e-type=\"widget\" data-widget_type=\"image.default\">\n\t\t\t\t<div class=\"elementor-widget-container\">\n\t\t\t\t\t\t\t\t\t\t\t\t<figure class=\"wp-caption\">\n\t\t\t\t\t\t\t\t\t\t\t<a href=\"http:\/\/dishop.com.ar\" target=\"_blank\">\n\t\t\t\t\t\t\t<img decoding=\"async\" width=\"250\" height=\"80\" src=\"https:\/\/ditec.com.ar\/v3\/wp-content\/uploads\/2020\/02\/dishop-logo.png\" class=\"attachment-full size-full wp-image-38\" alt=\"\" \/>\t\t\t\t\t\t\t\t<\/a>\n\t\t\t\t\t\t\t\t\t\t\t<figcaption class=\"widget-image-caption wp-caption-text\">Venta de equipamiento inform\u00e1tico para empresas<\/figcaption>\n\t\t\t\t\t\t\t\t\t\t<\/figure>\n\t\t\t\t\t\t\t\t\t<\/div>\n\t\t\t\t<\/div>\n\t\t\t\t\t<\/div>\n\t\t<\/div>\n\t\t\t\t\t<\/div>\n\t\t<\/section>\n\t\t\t\t\t<\/div>\n\t\t<\/div>\n\t\t\t\t\t<\/div>\n\t\t<\/section>\n\t\t\t\t<\/div>\n\t\t","protected":false},"excerpt":{"rendered":"<p>Sobrenosotros En un inicio nos dedicamos a dar soluciones inform\u00e1ticas de gesti\u00f3n al \u00e1rea de salud.M\u00e1s de una d\u00e9cada despu\u00e9s,\u00a0 nuestro trabajo continuo nos ha dado amplia experiencia en el desarrollo de software, sitios web, marketing digital y la comercializaci\u00f3n de equipos inform\u00e1ticos. A lo largo de estos a\u00f1os cada una de nuestras principales \u00e1reas [&hellip;]<\/p>\n","protected":false},"author":2,"featured_media":0,"parent":0,"menu_order":0,"comment_status":"closed","ping_status":"closed","template":"elementor_header_footer","meta":{"_monsterinsights_skip_tracking":false,"_monsterinsights_sitenote_active":false,"_monsterinsights_sitenote_note":"","_monsterinsights_sitenote_category":0,"footnotes":""},"class_list":["post-42","page","type-page","status-publish","hentry"],"yoast_head":"<!-- This site is optimized with the Yoast SEO plugin v27.4 - https:\/\/yoast.com\/product\/yoast-seo-wordpress\/ -->\n<title>Sobre nosotros - Ditec<\/title>\n<meta name=\"robots\" content=\"index, follow, max-snippet:-1, max-image-preview:large, max-video-preview:-1\" \/>\n<link rel=\"canonical\" href=\"https:\/\/ditec.com.ar\/v3\/sobre-nosotros\/\" \/>\n<meta property=\"og:locale\" content=\"es_ES\" \/>\n<meta property=\"og:type\" content=\"article\" \/>\n<meta property=\"og:title\" content=\"Sobre nosotros - Ditec\" \/>\n<meta property=\"og:description\" content=\"Sobrenosotros En un inicio nos dedicamos a dar soluciones inform\u00e1ticas de gesti\u00f3n al \u00e1rea de salud.M\u00e1s de una d\u00e9cada despu\u00e9s,\u00a0 nuestro trabajo continuo nos ha dado amplia experiencia en el desarrollo de software, sitios web, marketing digital y la comercializaci\u00f3n de equipos inform\u00e1ticos. A lo largo de estos a\u00f1os cada una de nuestras principales \u00e1reas [&hellip;]\" \/>\n<meta property=\"og:url\" content=\"https:\/\/ditec.com.ar\/v3\/sobre-nosotros\/\" \/>\n<meta property=\"og:site_name\" content=\"Ditec\" \/>\n<meta property=\"article:publisher\" content=\"https:\/\/www.facebook.com\/ditec.tecnologias\/\" \/>\n<meta property=\"article:modified_time\" content=\"2020-03-25T15:57:04+00:00\" \/>\n<meta property=\"og:image\" content=\"https:\/\/ditec.com.ar\/v3\/wp-content\/uploads\/2020\/02\/devias-logo.png\" \/>\n<meta name=\"twitter:card\" content=\"summary_large_image\" \/>\n<meta name=\"twitter:label1\" content=\"Tiempo de lectura\" \/>\n\t<meta name=\"twitter:data1\" content=\"1 minuto\" \/>\n<script type=\"application\/ld+json\" class=\"yoast-schema-graph\">{\"@context\":\"https:\\\/\\\/schema.org\",\"@graph\":[{\"@type\":\"WebPage\",\"@id\":\"https:\\\/\\\/ditec.com.ar\\\/v3\\\/sobre-nosotros\\\/\",\"url\":\"https:\\\/\\\/ditec.com.ar\\\/v3\\\/sobre-nosotros\\\/\",\"name\":\"Sobre nosotros - Ditec\",\"isPartOf\":{\"@id\":\"https:\\\/\\\/ditec.com.ar\\\/v3\\\/#website\"},\"primaryImageOfPage\":{\"@id\":\"https:\\\/\\\/ditec.com.ar\\\/v3\\\/sobre-nosotros\\\/#primaryimage\"},\"image\":{\"@id\":\"https:\\\/\\\/ditec.com.ar\\\/v3\\\/sobre-nosotros\\\/#primaryimage\"},\"thumbnailUrl\":\"https:\\\/\\\/ditec.com.ar\\\/v3\\\/wp-content\\\/uploads\\\/2020\\\/02\\\/devias-logo.png\",\"datePublished\":\"2020-02-28T20:14:24+00:00\",\"dateModified\":\"2020-03-25T15:57:04+00:00\",\"breadcrumb\":{\"@id\":\"https:\\\/\\\/ditec.com.ar\\\/v3\\\/sobre-nosotros\\\/#breadcrumb\"},\"inLanguage\":\"es\",\"potentialAction\":[{\"@type\":\"ReadAction\",\"target\":[\"https:\\\/\\\/ditec.com.ar\\\/v3\\\/sobre-nosotros\\\/\"]}]},{\"@type\":\"ImageObject\",\"inLanguage\":\"es\",\"@id\":\"https:\\\/\\\/ditec.com.ar\\\/v3\\\/sobre-nosotros\\\/#primaryimage\",\"url\":\"https:\\\/\\\/ditec.com.ar\\\/v3\\\/wp-content\\\/uploads\\\/2020\\\/02\\\/devias-logo.png\",\"contentUrl\":\"https:\\\/\\\/ditec.com.ar\\\/v3\\\/wp-content\\\/uploads\\\/2020\\\/02\\\/devias-logo.png\",\"width\":250,\"height\":66},{\"@type\":\"BreadcrumbList\",\"@id\":\"https:\\\/\\\/ditec.com.ar\\\/v3\\\/sobre-nosotros\\\/#breadcrumb\",\"itemListElement\":[{\"@type\":\"ListItem\",\"position\":1,\"name\":\"Portada\",\"item\":\"https:\\\/\\\/ditec.com.ar\\\/v3\\\/\"},{\"@type\":\"ListItem\",\"position\":2,\"name\":\"Sobre nosotros\"}]},{\"@type\":\"WebSite\",\"@id\":\"https:\\\/\\\/ditec.com.ar\\\/v3\\\/#website\",\"url\":\"https:\\\/\\\/ditec.com.ar\\\/v3\\\/\",\"name\":\"Ditec\",\"description\":\"Desarrollando ideas y tecnolog\u00eda\",\"publisher\":{\"@id\":\"https:\\\/\\\/ditec.com.ar\\\/v3\\\/#organization\"},\"potentialAction\":[{\"@type\":\"SearchAction\",\"target\":{\"@type\":\"EntryPoint\",\"urlTemplate\":\"https:\\\/\\\/ditec.com.ar\\\/v3\\\/?s={search_term_string}\"},\"query-input\":{\"@type\":\"PropertyValueSpecification\",\"valueRequired\":true,\"valueName\":\"search_term_string\"}}],\"inLanguage\":\"es\"},{\"@type\":\"Organization\",\"@id\":\"https:\\\/\\\/ditec.com.ar\\\/v3\\\/#organization\",\"name\":\"Ditec\",\"url\":\"https:\\\/\\\/ditec.com.ar\\\/v3\\\/\",\"logo\":{\"@type\":\"ImageObject\",\"inLanguage\":\"es\",\"@id\":\"https:\\\/\\\/ditec.com.ar\\\/v3\\\/#\\\/schema\\\/logo\\\/image\\\/\",\"url\":\"https:\\\/\\\/ditec.com.ar\\\/v3\\\/wp-content\\\/uploads\\\/2020\\\/03\\\/ditec-logo.png\",\"contentUrl\":\"https:\\\/\\\/ditec.com.ar\\\/v3\\\/wp-content\\\/uploads\\\/2020\\\/03\\\/ditec-logo.png\",\"width\":138,\"height\":50,\"caption\":\"Ditec\"},\"image\":{\"@id\":\"https:\\\/\\\/ditec.com.ar\\\/v3\\\/#\\\/schema\\\/logo\\\/image\\\/\"},\"sameAs\":[\"https:\\\/\\\/www.facebook.com\\\/ditec.tecnologias\\\/\"]}]}<\/script>\n<!-- \/ Yoast SEO plugin. -->","yoast_head_json":{"title":"Sobre nosotros - Ditec","robots":{"index":"index","follow":"follow","max-snippet":"max-snippet:-1","max-image-preview":"max-image-preview:large","max-video-preview":"max-video-preview:-1"},"canonical":"https:\/\/ditec.com.ar\/v3\/sobre-nosotros\/","og_locale":"es_ES","og_type":"article","og_title":"Sobre nosotros - Ditec","og_description":"Sobrenosotros En un inicio nos dedicamos a dar soluciones inform\u00e1ticas de gesti\u00f3n al \u00e1rea de salud.M\u00e1s de una d\u00e9cada despu\u00e9s,\u00a0 nuestro trabajo continuo nos ha dado amplia experiencia en el desarrollo de software, sitios web, marketing digital y la comercializaci\u00f3n de equipos inform\u00e1ticos. A lo largo de estos a\u00f1os cada una de nuestras principales \u00e1reas [&hellip;]","og_url":"https:\/\/ditec.com.ar\/v3\/sobre-nosotros\/","og_site_name":"Ditec","article_publisher":"https:\/\/www.facebook.com\/ditec.tecnologias\/","article_modified_time":"2020-03-25T15:57:04+00:00","og_image":[{"url":"https:\/\/ditec.com.ar\/v3\/wp-content\/uploads\/2020\/02\/devias-logo.png","type":"","width":"","height":""}],"twitter_card":"summary_large_image","twitter_misc":{"Tiempo de lectura":"1 minuto"},"schema":{"@context":"https:\/\/schema.org","@graph":[{"@type":"WebPage","@id":"https:\/\/ditec.com.ar\/v3\/sobre-nosotros\/","url":"https:\/\/ditec.com.ar\/v3\/sobre-nosotros\/","name":"Sobre nosotros - Ditec","isPartOf":{"@id":"https:\/\/ditec.com.ar\/v3\/#website"},"primaryImageOfPage":{"@id":"https:\/\/ditec.com.ar\/v3\/sobre-nosotros\/#primaryimage"},"image":{"@id":"https:\/\/ditec.com.ar\/v3\/sobre-nosotros\/#primaryimage"},"thumbnailUrl":"https:\/\/ditec.com.ar\/v3\/wp-content\/uploads\/2020\/02\/devias-logo.png","datePublished":"2020-02-28T20:14:24+00:00","dateModified":"2020-03-25T15:57:04+00:00","breadcrumb":{"@id":"https:\/\/ditec.com.ar\/v3\/sobre-nosotros\/#breadcrumb"},"inLanguage":"es","potentialAction":[{"@type":"ReadAction","target":["https:\/\/ditec.com.ar\/v3\/sobre-nosotros\/"]}]},{"@type":"ImageObject","inLanguage":"es","@id":"https:\/\/ditec.com.ar\/v3\/sobre-nosotros\/#primaryimage","url":"https:\/\/ditec.com.ar\/v3\/wp-content\/uploads\/2020\/02\/devias-logo.png","contentUrl":"https:\/\/ditec.com.ar\/v3\/wp-content\/uploads\/2020\/02\/devias-logo.png","width":250,"height":66},{"@type":"BreadcrumbList","@id":"https:\/\/ditec.com.ar\/v3\/sobre-nosotros\/#breadcrumb","itemListElement":[{"@type":"ListItem","position":1,"name":"Portada","item":"https:\/\/ditec.com.ar\/v3\/"},{"@type":"ListItem","position":2,"name":"Sobre nosotros"}]},{"@type":"WebSite","@id":"https:\/\/ditec.com.ar\/v3\/#website","url":"https:\/\/ditec.com.ar\/v3\/","name":"Ditec","description":"Desarrollando ideas y tecnolog\u00eda","publisher":{"@id":"https:\/\/ditec.com.ar\/v3\/#organization"},"potentialAction":[{"@type":"SearchAction","target":{"@type":"EntryPoint","urlTemplate":"https:\/\/ditec.com.ar\/v3\/?s={search_term_string}"},"query-input":{"@type":"PropertyValueSpecification","valueRequired":true,"valueName":"search_term_string"}}],"inLanguage":"es"},{"@type":"Organization","@id":"https:\/\/ditec.com.ar\/v3\/#organization","name":"Ditec","url":"https:\/\/ditec.com.ar\/v3\/","logo":{"@type":"ImageObject","inLanguage":"es","@id":"https:\/\/ditec.com.ar\/v3\/#\/schema\/logo\/image\/","url":"https:\/\/ditec.com.ar\/v3\/wp-content\/uploads\/2020\/03\/ditec-logo.png","contentUrl":"https:\/\/ditec.com.ar\/v3\/wp-content\/uploads\/2020\/03\/ditec-logo.png","width":138,"height":50,"caption":"Ditec"},"image":{"@id":"https:\/\/ditec.com.ar\/v3\/#\/schema\/logo\/image\/"},"sameAs":["https:\/\/www.facebook.com\/ditec.tecnologias\/"]}]}},"_links":{"self":[{"href":"https:\/\/ditec.com.ar\/v3\/wp-json\/wp\/v2\/pages\/42","targetHints":{"allow":["GET"]}}],"collection":[{"href":"https:\/\/ditec.com.ar\/v3\/wp-json\/wp\/v2\/pages"}],"about":[{"href":"https:\/\/ditec.com.ar\/v3\/wp-json\/wp\/v2\/types\/page"}],"author":[{"embeddable":true,"href":"https:\/\/ditec.com.ar\/v3\/wp-json\/wp\/v2\/users\/2"}],"replies":[{"embeddable":true,"href":"https:\/\/ditec.com.ar\/v3\/wp-json\/wp\/v2\/comments?post=42"}],"version-history":[{"count":22,"href":"https:\/\/ditec.com.ar\/v3\/wp-json\/wp\/v2\/pages\/42\/revisions"}],"predecessor-version":[{"id":139,"href":"https:\/\/ditec.com.ar\/v3\/wp-json\/wp\/v2\/pages\/42\/revisions\/139"}],"wp:attachment":[{"href":"https:\/\/ditec.com.ar\/v3\/wp-json\/wp\/v2\/media?parent=42"}],"curies":[{"name":"wp","href":"https:\/\/api.w.org\/{rel}","templated":true}]}}